{"id":7766,"date":"2024-02-15T17:37:35","date_gmt":"2024-02-15T22:37:35","guid":{"rendered":"https:\/\/campoalegre.edu.co\/admissions-2026-2027\/"},"modified":"2026-02-01T20:43:19","modified_gmt":"2026-02-02T01:43:19","slug":"admissions-2026-2027","status":"publish","type":"page","link":"https:\/\/campoalegre.edu.co\/en\/admissions-2026-2027\/","title":{"rendered":"Admissions 2026 &#8211; 2027"},"content":{"rendered":"\t\t<div data-elementor-type=\"wp-page\" data-elementor-id=\"7766\" class=\"elementor elementor-7766 elementor-3769\" data-elementor-post-type=\"page\">\n\t\t\t\t<div class=\"elementor-element elementor-element-f8bb2bc bannerSlider e-flex e-con-boxed e-con e-parent\" data-id=\"f8bb2bc\" data-element_type=\"container\" data-e-type=\"container\" data-settings=\"{&quot;background_background&quot;:&quot;classic&quot;}\">\n\t\t\t\t\t<div class=\"e-con-inner\">\n\t\t<div class=\"elementor-element elementor-element-2baf96e e-con-full e-flex e-con e-child\" data-id=\"2baf96e\" data-element_type=\"container\" data-e-type=\"container\" data-settings=\"{&quot;background_background&quot;:&quot;classic&quot;,&quot;position&quot;:&quot;absolute&quot;}\">\n\t\t\t\t<div class=\"elementor-element elementor-element-85c7d7c elementor-absolute e-transform elementor-widget elementor-widget-image\" data-id=\"85c7d7c\" data-element_type=\"widget\" data-e-type=\"widget\" data-settings=\"{&quot;_position&quot;:&quot;absolute&quot;,&quot;_transform_rotateZ_effect&quot;:{&quot;unit&quot;:&quot;px&quot;,&quot;size&quot;:30,&quot;sizes&quot;:[]},&quot;_transform_rotateZ_effect_tablet&quot;:{&quot;unit&quot;:&quot;deg&quot;,&quot;size&quot;:&quot;&quot;,&quot;sizes&quot;:[]},&quot;_transform_rotateZ_effect_mobile&quot;:{&quot;unit&quot;:&quot;deg&quot;,&quot;size&quot;:&quot;&quot;,&quot;sizes&quot;:[]}}\" data-widget_type=\"image.default\">\n\t\t\t\t<div class=\"elementor-widget-container\">\n\t\t\t\t\t\t\t\t\t\t\t\t\t\t\t<img fetchpriority=\"high\" decoding=\"async\" width=\"327\" height=\"648\" src=\"https:\/\/campoalegre.edu.co\/wp-content\/uploads\/2025\/11\/hoja-001.webp\" class=\"attachment-full size-full wp-image-7753\" alt=\"\" srcset=\"https:\/\/campoalegre.edu.co\/wp-content\/uploads\/2025\/11\/hoja-001.webp 327w, https:\/\/campoalegre.edu.co\/wp-content\/uploads\/2025\/11\/hoja-001-151x300.webp 151w\" sizes=\"(max-width: 327px) 100vw, 327px\" \/>\t\t\t\t\t\t\t\t\t\t\t\t\t\t\t<\/div>\n\t\t\t\t<\/div>\n\t\t\t\t<\/div>\n\t\t<div class=\"elementor-element elementor-element-efc4727 e-flex e-con-boxed e-con e-child\" data-id=\"efc4727\" data-element_type=\"container\" data-e-type=\"container\">\n\t\t\t\t\t<div class=\"e-con-inner\">\n\t\t\t\t<div class=\"elementor-element elementor-element-fdbbb1e elementor-widget elementor-widget-heading\" data-id=\"fdbbb1e\" data-element_type=\"widget\" data-e-type=\"widget\" data-widget_type=\"heading.default\">\n\t\t\t\t<div class=\"elementor-widget-container\">\n\t\t\t\t\t<h1 class=\"elementor-heading-title elementor-size-default\">Admissions 2026-2027<br>Campoalegre<\/h1>\t\t\t\t<\/div>\n\t\t\t\t<\/div>\n\t\t\t\t<div class=\"elementor-element elementor-element-c0d6949 elementor-widget elementor-widget-text-editor\" data-id=\"c0d6949\" data-element_type=\"widget\" data-e-type=\"widget\" data-widget_type=\"text-editor.default\">\n\t\t\t\t<div class=\"elementor-widget-container\">\n\t\t\t\t\t\t\t\t\t<p class=\"p1\">At Campoalegre, we open the admissions process for families seeking an active education in touch with nature and with a holistic approach. Here you\u2019ll find all the info to start enrollment, schedule a visit, or resolve your questions about our preschool, elementary, and high school. <\/p><p class=\"p1\"><b>Why families from Bogot\u00e1, Ch\u00eda, and Cajic\u00e1 choose Campoalegre:<\/b><b><\/b><\/p><ul><li><p class=\"p1\">Campus within a natural reserve<\/p><\/li><li><p class=\"p1\">Preschool with active learning<\/p><\/li><li><p class=\"p1\">Holistic education, arts, and projects<\/p><\/li><li><p class=\"p1\">Peaceful, safe environment in northern Sabana<\/p><\/li><li><p class=\"p1\">Emotional and academic support<\/p><\/li><\/ul>\t\t\t\t\t\t\t\t<\/div>\n\t\t\t\t<\/div>\n\t\t\t\t<div class=\"elementor-element elementor-element-76a8090 elementor-widget elementor-widget-spacer\" data-id=\"76a8090\" data-element_type=\"widget\" data-e-type=\"widget\" data-widget_type=\"spacer.default\">\n\t\t\t\t<div class=\"elementor-widget-container\">\n\t\t\t\t\t\t\t<div class=\"elementor-spacer\">\n\t\t\t<div class=\"elementor-spacer-inner\"><\/div>\n\t\t<\/div>\n\t\t\t\t\t\t<\/div>\n\t\t\t\t<\/div>\n\t\t\t\t\t<\/div>\n\t\t\t\t<\/div>\n\t\t<div class=\"elementor-element elementor-element-445bf0e e-con-full e-flex e-con e-child\" data-id=\"445bf0e\" data-element_type=\"container\" data-e-type=\"container\">\n\t\t\t\t<div class=\"elementor-element elementor-element-2644a5e elementor-widget elementor-widget-image\" data-id=\"2644a5e\" data-element_type=\"widget\" data-e-type=\"widget\" data-widget_type=\"image.default\">\n\t\t\t\t<div class=\"elementor-widget-container\">\n\t\t\t\t\t\t\t\t\t\t\t\t\t\t\t<img decoding=\"async\" width=\"1200\" height=\"933\" src=\"https:\/\/campoalegre.edu.co\/wp-content\/uploads\/2025\/04\/campoalegre-lt-002.webp\" class=\"attachment-full size-full wp-image-5179\" alt=\"Admissions Colegio Campoalegre\" srcset=\"https:\/\/campoalegre.edu.co\/wp-content\/uploads\/2025\/04\/campoalegre-lt-002.webp 1200w, https:\/\/campoalegre.edu.co\/wp-content\/uploads\/2025\/04\/campoalegre-lt-002-300x233.webp 300w, https:\/\/campoalegre.edu.co\/wp-content\/uploads\/2025\/04\/campoalegre-lt-002-1024x796.webp 1024w, https:\/\/campoalegre.edu.co\/wp-content\/uploads\/2025\/04\/campoalegre-lt-002-768x597.webp 768w\" sizes=\"(max-width: 1200px) 100vw, 1200px\" \/>\t\t\t\t\t\t\t\t\t\t\t\t\t\t\t<\/div>\n\t\t\t\t<\/div>\n\t\t\t\t<\/div>\n\t\t\t\t\t<\/div>\n\t\t\t\t<\/div>\n\t\t<div class=\"elementor-element elementor-element-27b3197 e-flex e-con-boxed e-con e-parent\" data-id=\"27b3197\" data-element_type=\"container\" data-e-type=\"container\" data-settings=\"{&quot;background_background&quot;:&quot;classic&quot;}\">\n\t\t\t\t\t<div class=\"e-con-inner\">\n\t\t<div class=\"elementor-element elementor-element-feaf68b e-con-full e-flex e-con e-child\" data-id=\"feaf68b\" data-element_type=\"container\" data-e-type=\"container\">\n\t\t\t\t<\/div>\n\t\t<div class=\"elementor-element elementor-element-f5e4125 e-con-full e-flex e-con e-child\" data-id=\"f5e4125\" data-element_type=\"container\" data-e-type=\"container\">\n\t\t\t\t<div class=\"elementor-element elementor-element-f5835ce elementor-widget elementor-widget-heading\" data-id=\"f5835ce\" data-element_type=\"widget\" data-e-type=\"widget\" data-widget_type=\"heading.default\">\n\t\t\t\t<div class=\"elementor-widget-container\">\n\t\t\t\t\t<h2 class=\"elementor-heading-title elementor-size-default\">2026-2027 Admissions Form<\/h2>\t\t\t\t<\/div>\n\t\t\t\t<\/div>\n\t\t\t\t<div class=\"elementor-element elementor-element-8c22390 elementor-widget elementor-widget-text-editor\" data-id=\"8c22390\" data-element_type=\"widget\" data-e-type=\"widget\" data-widget_type=\"text-editor.default\">\n\t\t\t\t<div class=\"elementor-widget-container\">\n\t\t\t\t\t\t\t\t\t<p class=\"p1\">If you want your child to experience active, emotional education in nature, fill out our admissions form. Our team will guide you every step. <\/p><ul><li style=\"background-image: initial; background-position: initial; background-size: initial; background-repeat: initial; background-attachment: initial; background-origin: initial; background-clip: initial;\">Kinder 4: Kids turning 4 before Sept 30, 2026. Process starts Sept 17, 2025. <\/li><li style=\"background-image: initial; background-position: initial; background-size: initial; background-repeat: initial; background-attachment: initial; background-origin: initial; background-clip: initial;\">Other grades: Process starts April 2026.<\/li><\/ul>\t\t\t\t\t\t\t\t<\/div>\n\t\t\t\t<\/div>\n\t\t\t\t<div class=\"elementor-element elementor-element-a7e865a elementor-button-align-stretch elementor-widget elementor-widget-form\" data-id=\"a7e865a\" data-element_type=\"widget\" data-e-type=\"widget\" data-settings=\"{&quot;step_next_label&quot;:&quot;Next&quot;,&quot;step_previous_label&quot;:&quot;Previous&quot;,&quot;button_width&quot;:&quot;100&quot;,&quot;step_type&quot;:&quot;number_text&quot;,&quot;step_icon_shape&quot;:&quot;circle&quot;}\" data-widget_type=\"form.default\">\n\t\t\t\t<div class=\"elementor-widget-container\">\n\t\t\t\t\t\t\t<form class=\"elementor-form\" method=\"post\" name=\"Contact\" aria-label=\"Contact\">\n\t\t\t<input type=\"hidden\" name=\"post_id\" value=\"7766\"\/>\n\t\t\t<input type=\"hidden\" name=\"form_id\" value=\"a7e865a\"\/>\n\t\t\t<input type=\"hidden\" name=\"referer_title\" value=\"Colegio Campoalegre\" \/>\n\n\t\t\t\n\t\t\t<div class=\"elementor-form-fields-wrapper elementor-labels-\">\n\t\t\t\t\t\t\t\t<div class=\"elementor-field-type-text elementor-field-group elementor-column elementor-field-group-nombre elementor-col-100 elementor-field-required\">\n\t\t\t\t\t\t\t\t\t\t\t\t<label for=\"form-field-nombre\" class=\"elementor-field-label elementor-screen-only\">\n\t\t\t\t\t\t\t\tParent\/Guardian Name\t\t\t\t\t\t\t<\/label>\n\t\t\t\t\t\t\t\t\t\t\t\t\t\t<input size=\"1\" type=\"text\" name=\"form_fields[nombre]\" id=\"form-field-nombre\" class=\"elementor-field elementor-size-sm  elementor-field-textual\" placeholder=\"Parent\/Guardian Name\" required=\"required\">\n\t\t\t\t\t\t\t\t\t\t\t<\/div>\n\t\t\t\t\t\t\t\t<div class=\"elementor-field-type-email elementor-field-group elementor-column elementor-field-group-email elementor-col-66 elementor-field-required\">\n\t\t\t\t\t\t\t\t\t\t\t\t<label for=\"form-field-email\" class=\"elementor-field-label elementor-screen-only\">\n\t\t\t\t\t\t\t\tEmail\t\t\t\t\t\t\t<\/label>\n\t\t\t\t\t\t\t\t\t\t\t\t\t\t<input size=\"1\" type=\"email\" name=\"form_fields[email]\" id=\"form-field-email\" class=\"elementor-field elementor-size-sm  elementor-field-textual\" placeholder=\"Email\" required=\"required\">\n\t\t\t\t\t\t\t\t\t\t\t<\/div>\n\t\t\t\t\t\t\t\t<div class=\"elementor-field-type-tel elementor-field-group elementor-column elementor-field-group-field_e8990c0 elementor-col-33\">\n\t\t\t\t\t\t\t\t\t\t\t\t<label for=\"form-field-field_e8990c0\" class=\"elementor-field-label elementor-screen-only\">\n\t\t\t\t\t\t\t\tPhone\t\t\t\t\t\t\t<\/label>\n\t\t\t\t\t\t\t\t<input size=\"1\" type=\"tel\" name=\"form_fields[field_e8990c0]\" id=\"form-field-field_e8990c0\" class=\"elementor-field elementor-size-sm  elementor-field-textual\" placeholder=\"Phone\" pattern=\"[0-9()#&amp;+*-=.]+\" title=\"Only numbers and phone characters (#, -, *, etc) are accepted.\">\n\n\t\t\t\t\t\t<\/div>\n\t\t\t\t\t\t\t\t<div class=\"elementor-field-type-text elementor-field-group elementor-column elementor-field-group-field_853ba7f elementor-col-50 elementor-field-required\">\n\t\t\t\t\t\t\t\t\t\t\t\t<label for=\"form-field-field_853ba7f\" class=\"elementor-field-label elementor-screen-only\">\n\t\t\t\t\t\t\t\tChild\u2019s Name\t\t\t\t\t\t\t<\/label>\n\t\t\t\t\t\t\t\t\t\t\t\t\t\t<input size=\"1\" type=\"text\" name=\"form_fields[field_853ba7f]\" id=\"form-field-field_853ba7f\" class=\"elementor-field elementor-size-sm  elementor-field-textual\" placeholder=\"Child\u2019s Name\" required=\"required\">\n\t\t\t\t\t\t\t\t\t\t\t<\/div>\n\t\t\t\t\t\t\t\t<div class=\"elementor-field-type-text elementor-field-group elementor-column elementor-field-group-field_f3d201c elementor-col-50 elementor-field-required\">\n\t\t\t\t\t\t\t\t\t\t\t\t<label for=\"form-field-field_f3d201c\" class=\"elementor-field-label elementor-screen-only\">\n\t\t\t\t\t\t\t\tGrade Entering\t\t\t\t\t\t\t<\/label>\n\t\t\t\t\t\t\t\t\t\t\t\t\t\t<input size=\"1\" type=\"text\" name=\"form_fields[field_f3d201c]\" id=\"form-field-field_f3d201c\" class=\"elementor-field elementor-size-sm  elementor-field-textual\" placeholder=\"Grade Entering\" required=\"required\">\n\t\t\t\t\t\t\t\t\t\t\t<\/div>\n\t\t\t\t\t\t\t\t<div class=\"elementor-field-type-text elementor-field-group elementor-column elementor-field-group-field_5f3a006 elementor-col-100 elementor-field-required\">\n\t\t\t\t\t\t\t\t\t\t\t\t<label for=\"form-field-field_5f3a006\" class=\"elementor-field-label elementor-screen-only\">\n\t\t\t\t\t\t\t\tPrevious nursery or school\t\t\t\t\t\t\t<\/label>\n\t\t\t\t\t\t\t\t\t\t\t\t\t\t<input size=\"1\" type=\"text\" name=\"form_fields[field_5f3a006]\" id=\"form-field-field_5f3a006\" class=\"elementor-field elementor-size-sm  elementor-field-textual\" placeholder=\"Previous nursery or school\" required=\"required\">\n\t\t\t\t\t\t\t\t\t\t\t<\/div>\n\t\t\t\t\t\t\t\t<div class=\"elementor-field-type-textarea elementor-field-group elementor-column elementor-field-group-mensaje elementor-col-100\">\n\t\t\t\t\t\t\t\t\t\t\t\t<label for=\"form-field-mensaje\" class=\"elementor-field-label elementor-screen-only\">\n\t\t\t\t\t\t\t\tMessage\t\t\t\t\t\t\t<\/label>\n\t\t\t\t\t\t<textarea class=\"elementor-field-textual elementor-field  elementor-size-sm\" name=\"form_fields[mensaje]\" id=\"form-field-mensaje\" rows=\"3\" placeholder=\"Message\"><\/textarea>\t\t\t\t<\/div>\n\t\t\t\t\t\t\t\t<div class=\"elementor-field-type-recaptcha_v3 elementor-field-group elementor-column elementor-field-group-field_dc117b3 elementor-col-100 recaptcha_v3-bottomleft\">\n\t\t\t\t\t<div class=\"elementor-field\" id=\"form-field-field_dc117b3\"><div class=\"elementor-g-recaptcha\" data-sitekey=\"6Ld1HrsfAAAAAHQKtw2xX3zWhjGtwpJ6qxOcyU3P\" data-type=\"v3\" data-action=\"Form\" data-badge=\"bottomleft\" data-size=\"invisible\"><\/div><\/div>\t\t\t\t<\/div>\n\t\t\t\t\t\t\t\t<div class=\"elementor-field-group elementor-column elementor-field-type-submit elementor-col-100 e-form__buttons\">\n\t\t\t\t\t<button class=\"elementor-button elementor-size-sm\" type=\"submit\">\n\t\t\t\t\t\t<span class=\"elementor-button-content-wrapper\">\n\t\t\t\t\t\t\t\t\t\t\t\t\t\t\t\t\t\t\t\t\t\t<span class=\"elementor-button-text\">Send<\/span>\n\t\t\t\t\t\t\t\t\t\t\t\t\t<\/span>\n\t\t\t\t\t<\/button>\n\t\t\t\t<\/div>\n\t\t\t<\/div>\n\t\t<\/form>\n\t\t\t\t\t\t<\/div>\n\t\t\t\t<\/div>\n\t\t\t\t<div class=\"elementor-element elementor-element-589f14e elementor-align-center elementor-hidden-desktop elementor-hidden-tablet elementor-hidden-mobile elementor-widget elementor-widget-button\" data-id=\"589f14e\" data-element_type=\"widget\" data-e-type=\"widget\" data-widget_type=\"button.default\">\n\t\t\t\t<div class=\"elementor-widget-container\">\n\t\t\t\t\t\t\t\t\t<div class=\"elementor-button-wrapper\">\n\t\t\t\t\t<a class=\"elementor-button elementor-button-link elementor-size-sm\" href=\"https:\/\/campoalegre.edu.co\/wp-content\/uploads\/2025\/04\/FORMULARIO-DE-ADMISION-new.pdf\" download=\"formulario_de_admision-Campoalegre.pdf\">\n\t\t\t\t\t\t<span class=\"elementor-button-content-wrapper\">\n\t\t\t\t\t\t<span class=\"elementor-button-icon\">\n\t\t\t\t<svg aria-hidden=\"true\" class=\"e-font-icon-svg e-fas-file-download\" viewBox=\"0 0 384 512\" xmlns=\"http:\/\/www.w3.org\/2000\/svg\"><path d=\"M224 136V0H24C10.7 0 0 10.7 0 24v464c0 13.3 10.7 24 24 24h336c13.3 0 24-10.7 24-24V160H248c-13.2 0-24-10.8-24-24zm76.45 211.36l-96.42 95.7c-6.65 6.61-17.39 6.61-24.04 0l-96.42-95.7C73.42 337.29 80.54 320 94.82 320H160v-80c0-8.84 7.16-16 16-16h32c8.84 0 16 7.16 16 16v80h65.18c14.28 0 21.4 17.29 11.27 27.36zM377 105L279.1 7c-4.5-4.5-10.6-7-17-7H256v128h128v-6.1c0-6.3-2.5-12.4-7-16.9z\"><\/path><\/svg>\t\t\t<\/span>\n\t\t\t\t\t\t\t\t\t<span class=\"elementor-button-text\">Download Admission Form<\/span>\n\t\t\t\t\t<\/span>\n\t\t\t\t\t<\/a>\n\t\t\t\t<\/div>\n\t\t\t\t\t\t\t\t<\/div>\n\t\t\t\t<\/div>\n\t\t\t\t<\/div>\n\t\t\t\t\t<\/div>\n\t\t\t\t<\/div>\n\t\t\t\t<\/div>\n\t\t","protected":false},"excerpt":{"rendered":"<p>At Campoalegre, we open the admissions process for families seeking an active education in touch with nature and with a holistic approach. Here you\u2019ll find all the info to start enrollment, schedule a visit, or resolve your questions about our preschool, elementary, and high school. <\/p>\n","protected":false},"author":4,"featured_media":0,"parent":0,"menu_order":0,"comment_status":"closed","ping_status":"closed","template":"elementor_header_footer","meta":{"footnotes":""},"class_list":["post-7766","page","type-page","status-publish","hentry"],"yoast_head":"<!-- This site is optimized with the Yoast SEO plugin v26.8 - https:\/\/yoast.com\/product\/yoast-seo-wordpress\/ -->\n<title>Admissions 2026 - 2027 - Colegio Campoalegre<\/title>\n<meta name=\"description\" content=\"Admissions open at Campoalegre School. Preschool, primary, and secondary with holistic learning in northern Bogot\u00e1.\" \/>\n<meta name=\"robots\" content=\"index, follow, max-snippet:-1, max-image-preview:large, max-video-preview:-1\" \/>\n<link rel=\"canonical\" href=\"https:\/\/campoalegre.edu.co\/en\/admissions-2026-2027\/\" \/>\n<meta property=\"og:locale\" content=\"en_US\" \/>\n<meta property=\"og:type\" content=\"article\" \/>\n<meta property=\"og:title\" content=\"Admissions 2026 - 2027 - Colegio Campoalegre\" \/>\n<meta property=\"og:description\" content=\"Admissions open at Campoalegre School. Preschool, primary, and secondary with holistic learning in northern Bogot\u00e1.\" \/>\n<meta property=\"og:url\" content=\"https:\/\/campoalegre.edu.co\/en\/admissions-2026-2027\/\" \/>\n<meta property=\"og:site_name\" content=\"Colegio Campoalegre\" \/>\n<meta property=\"article:publisher\" content=\"https:\/\/www.facebook.com\/colegiocampoalegre\" \/>\n<meta property=\"article:modified_time\" content=\"2026-02-02T01:43:19+00:00\" \/>\n<meta property=\"og:image\" content=\"https:\/\/campoalegre.edu.co\/wp-content\/uploads\/2025\/11\/hoja-001.webp\" \/>\n\t<meta property=\"og:image:width\" content=\"327\" \/>\n\t<meta property=\"og:image:height\" content=\"648\" \/>\n\t<meta property=\"og:image:type\" content=\"image\/webp\" \/>\n<meta name=\"twitter:card\" content=\"summary_large_image\" \/>\n<meta name=\"twitter:label1\" content=\"Est. reading time\" \/>\n\t<meta name=\"twitter:data1\" content=\"1 minute\" \/>\n<script type=\"application\/ld+json\" class=\"yoast-schema-graph\">{\"@context\":\"https:\/\/schema.org\",\"@graph\":[{\"@type\":\"WebPage\",\"@id\":\"https:\/\/campoalegre.edu.co\/en\/admissions-2026-2027\/\",\"url\":\"https:\/\/campoalegre.edu.co\/en\/admissions-2026-2027\/\",\"name\":\"Admissions 2026 - 2027 - Colegio Campoalegre\",\"isPartOf\":{\"@id\":\"https:\/\/campoalegre.edu.co\/en\/#website\"},\"primaryImageOfPage\":{\"@id\":\"https:\/\/campoalegre.edu.co\/en\/admissions-2026-2027\/#primaryimage\"},\"image\":{\"@id\":\"https:\/\/campoalegre.edu.co\/en\/admissions-2026-2027\/#primaryimage\"},\"thumbnailUrl\":\"https:\/\/campoalegre.edu.co\/wp-content\/uploads\/2025\/11\/hoja-001.webp\",\"datePublished\":\"2024-02-15T22:37:35+00:00\",\"dateModified\":\"2026-02-02T01:43:19+00:00\",\"description\":\"Admissions open at Campoalegre School. Preschool, primary, and secondary with holistic learning in northern Bogot\u00e1.\",\"breadcrumb\":{\"@id\":\"https:\/\/campoalegre.edu.co\/en\/admissions-2026-2027\/#breadcrumb\"},\"inLanguage\":\"en-US\",\"potentialAction\":[{\"@type\":\"ReadAction\",\"target\":[\"https:\/\/campoalegre.edu.co\/en\/admissions-2026-2027\/\"]}]},{\"@type\":\"ImageObject\",\"inLanguage\":\"en-US\",\"@id\":\"https:\/\/campoalegre.edu.co\/en\/admissions-2026-2027\/#primaryimage\",\"url\":\"https:\/\/campoalegre.edu.co\/wp-content\/uploads\/2025\/11\/hoja-001.webp\",\"contentUrl\":\"https:\/\/campoalegre.edu.co\/wp-content\/uploads\/2025\/11\/hoja-001.webp\"},{\"@type\":\"BreadcrumbList\",\"@id\":\"https:\/\/campoalegre.edu.co\/en\/admissions-2026-2027\/#breadcrumb\",\"itemListElement\":[{\"@type\":\"ListItem\",\"position\":1,\"name\":\"Home\",\"item\":\"https:\/\/campoalegre.edu.co\/en\/\"},{\"@type\":\"ListItem\",\"position\":2,\"name\":\"Admissions 2026 &#8211; 2027\"}]},{\"@type\":\"WebSite\",\"@id\":\"https:\/\/campoalegre.edu.co\/en\/#website\",\"url\":\"https:\/\/campoalegre.edu.co\/en\/\",\"name\":\"Colegio Campoalegre\",\"description\":\"Un lugar para aprender y crecer\",\"publisher\":{\"@id\":\"https:\/\/campoalegre.edu.co\/en\/#organization\"},\"potentialAction\":[{\"@type\":\"SearchAction\",\"target\":{\"@type\":\"EntryPoint\",\"urlTemplate\":\"https:\/\/campoalegre.edu.co\/en\/?s={search_term_string}\"},\"query-input\":{\"@type\":\"PropertyValueSpecification\",\"valueRequired\":true,\"valueName\":\"search_term_string\"}}],\"inLanguage\":\"en-US\"},{\"@type\":\"Organization\",\"@id\":\"https:\/\/campoalegre.edu.co\/en\/#organization\",\"name\":\"Colegio Campoalegre\",\"url\":\"https:\/\/campoalegre.edu.co\/en\/\",\"logo\":{\"@type\":\"ImageObject\",\"inLanguage\":\"en-US\",\"@id\":\"https:\/\/campoalegre.edu.co\/en\/#\/schema\/logo\/image\/\",\"url\":\"https:\/\/campoalegre.edu.co\/wp-content\/uploads\/2021\/10\/Logo-colegio-campoalegre.png\",\"contentUrl\":\"https:\/\/campoalegre.edu.co\/wp-content\/uploads\/2021\/10\/Logo-colegio-campoalegre.png\",\"width\":800,\"height\":131,\"caption\":\"Colegio Campoalegre\"},\"image\":{\"@id\":\"https:\/\/campoalegre.edu.co\/en\/#\/schema\/logo\/image\/\"},\"sameAs\":[\"https:\/\/www.facebook.com\/colegiocampoalegre\",\"https:\/\/www.instagram.com\/colegio_campoalegre\/\"]}]}<\/script>\n<!-- \/ Yoast SEO plugin. -->","yoast_head_json":{"title":"Admissions 2026 - 2027 - Colegio Campoalegre","description":"Admissions open at Campoalegre School. Preschool, primary, and secondary with holistic learning in northern Bogot\u00e1.","robots":{"index":"index","follow":"follow","max-snippet":"max-snippet:-1","max-image-preview":"max-image-preview:large","max-video-preview":"max-video-preview:-1"},"canonical":"https:\/\/campoalegre.edu.co\/en\/admissions-2026-2027\/","og_locale":"en_US","og_type":"article","og_title":"Admissions 2026 - 2027 - Colegio Campoalegre","og_description":"Admissions open at Campoalegre School. Preschool, primary, and secondary with holistic learning in northern Bogot\u00e1.","og_url":"https:\/\/campoalegre.edu.co\/en\/admissions-2026-2027\/","og_site_name":"Colegio Campoalegre","article_publisher":"https:\/\/www.facebook.com\/colegiocampoalegre","article_modified_time":"2026-02-02T01:43:19+00:00","og_image":[{"width":327,"height":648,"url":"https:\/\/campoalegre.edu.co\/wp-content\/uploads\/2025\/11\/hoja-001.webp","type":"image\/webp"}],"twitter_card":"summary_large_image","twitter_misc":{"Est. reading time":"1 minute"},"schema":{"@context":"https:\/\/schema.org","@graph":[{"@type":"WebPage","@id":"https:\/\/campoalegre.edu.co\/en\/admissions-2026-2027\/","url":"https:\/\/campoalegre.edu.co\/en\/admissions-2026-2027\/","name":"Admissions 2026 - 2027 - Colegio Campoalegre","isPartOf":{"@id":"https:\/\/campoalegre.edu.co\/en\/#website"},"primaryImageOfPage":{"@id":"https:\/\/campoalegre.edu.co\/en\/admissions-2026-2027\/#primaryimage"},"image":{"@id":"https:\/\/campoalegre.edu.co\/en\/admissions-2026-2027\/#primaryimage"},"thumbnailUrl":"https:\/\/campoalegre.edu.co\/wp-content\/uploads\/2025\/11\/hoja-001.webp","datePublished":"2024-02-15T22:37:35+00:00","dateModified":"2026-02-02T01:43:19+00:00","description":"Admissions open at Campoalegre School. Preschool, primary, and secondary with holistic learning in northern Bogot\u00e1.","breadcrumb":{"@id":"https:\/\/campoalegre.edu.co\/en\/admissions-2026-2027\/#breadcrumb"},"inLanguage":"en-US","potentialAction":[{"@type":"ReadAction","target":["https:\/\/campoalegre.edu.co\/en\/admissions-2026-2027\/"]}]},{"@type":"ImageObject","inLanguage":"en-US","@id":"https:\/\/campoalegre.edu.co\/en\/admissions-2026-2027\/#primaryimage","url":"https:\/\/campoalegre.edu.co\/wp-content\/uploads\/2025\/11\/hoja-001.webp","contentUrl":"https:\/\/campoalegre.edu.co\/wp-content\/uploads\/2025\/11\/hoja-001.webp"},{"@type":"BreadcrumbList","@id":"https:\/\/campoalegre.edu.co\/en\/admissions-2026-2027\/#breadcrumb","itemListElement":[{"@type":"ListItem","position":1,"name":"Home","item":"https:\/\/campoalegre.edu.co\/en\/"},{"@type":"ListItem","position":2,"name":"Admissions 2026 &#8211; 2027"}]},{"@type":"WebSite","@id":"https:\/\/campoalegre.edu.co\/en\/#website","url":"https:\/\/campoalegre.edu.co\/en\/","name":"Colegio Campoalegre","description":"Un lugar para aprender y crecer","publisher":{"@id":"https:\/\/campoalegre.edu.co\/en\/#organization"},"potentialAction":[{"@type":"SearchAction","target":{"@type":"EntryPoint","urlTemplate":"https:\/\/campoalegre.edu.co\/en\/?s={search_term_string}"},"query-input":{"@type":"PropertyValueSpecification","valueRequired":true,"valueName":"search_term_string"}}],"inLanguage":"en-US"},{"@type":"Organization","@id":"https:\/\/campoalegre.edu.co\/en\/#organization","name":"Colegio Campoalegre","url":"https:\/\/campoalegre.edu.co\/en\/","logo":{"@type":"ImageObject","inLanguage":"en-US","@id":"https:\/\/campoalegre.edu.co\/en\/#\/schema\/logo\/image\/","url":"https:\/\/campoalegre.edu.co\/wp-content\/uploads\/2021\/10\/Logo-colegio-campoalegre.png","contentUrl":"https:\/\/campoalegre.edu.co\/wp-content\/uploads\/2021\/10\/Logo-colegio-campoalegre.png","width":800,"height":131,"caption":"Colegio Campoalegre"},"image":{"@id":"https:\/\/campoalegre.edu.co\/en\/#\/schema\/logo\/image\/"},"sameAs":["https:\/\/www.facebook.com\/colegiocampoalegre","https:\/\/www.instagram.com\/colegio_campoalegre\/"]}]}},"_links":{"self":[{"href":"https:\/\/campoalegre.edu.co\/en\/wp-json\/wp\/v2\/pages\/7766","targetHints":{"allow":["GET"]}}],"collection":[{"href":"https:\/\/campoalegre.edu.co\/en\/wp-json\/wp\/v2\/pages"}],"about":[{"href":"https:\/\/campoalegre.edu.co\/en\/wp-json\/wp\/v2\/types\/page"}],"author":[{"embeddable":true,"href":"https:\/\/campoalegre.edu.co\/en\/wp-json\/wp\/v2\/users\/4"}],"replies":[{"embeddable":true,"href":"https:\/\/campoalegre.edu.co\/en\/wp-json\/wp\/v2\/comments?post=7766"}],"version-history":[{"count":0,"href":"https:\/\/campoalegre.edu.co\/en\/wp-json\/wp\/v2\/pages\/7766\/revisions"}],"wp:attachment":[{"href":"https:\/\/campoalegre.edu.co\/en\/wp-json\/wp\/v2\/media?parent=7766"}],"curies":[{"name":"wp","href":"https:\/\/api.w.org\/{rel}","templated":true}]}}